{"id":560,"date":"2025-10-09T14:00:30","date_gmt":"2025-10-09T14:00:30","guid":{"rendered":"https:\/\/vaylan.dz\/?page_id=560"},"modified":"2025-10-12T13:31:49","modified_gmt":"2025-10-12T13:31:49","slug":"nos-gelees-gelatines","status":"publish","type":"page","link":"https:\/\/vaylan.dz\/fr\/nos-gelees-gelatines\/","title":{"rendered":"Nos Gel\u00e9es &amp; G\u00e9latines"},"content":{"rendered":"\t\t<div data-elementor-type=\"wp-page\" data-elementor-id=\"560\" class=\"elementor elementor-560\">\n\t\t\t\t<div data-ekitparallax=\"{&quot;ekit_section_parallax_bg&quot;:&quot;yes&quot;,&quot;ekit_section_parallax_bg_speed&quot;:0.5,&quot;elementor_lazy_load&quot;:&quot;1&quot;}\" class=\"elementor-element elementor-element-c88e54c e-flex e-con-boxed e-con e-parent\" data-id=\"c88e54c\" data-element_type=\"container\" data-settings=\"{&quot;background_background&quot;:&quot;classic&quot;,&quot;ekit_has_onepagescroll_dot&quot;:&quot;yes&quot;}\">\n\t\t\t\t\t<div class=\"e-con-inner\">\n\t\t\t\t<div class=\"elementor-element elementor-element-0044590 elementor-widget elementor-widget-elementskit-heading\" data-id=\"0044590\" data-element_type=\"widget\" data-settings=\"{&quot;ekit_we_effect_on&quot;:&quot;none&quot;}\" data-widget_type=\"elementskit-heading.default\">\n\t\t\t\t\t<div class=\"ekit-wid-con\" ><div class=\"ekit-heading elementskit-section-title-wraper text_center   ekit_heading_tablet-   ekit_heading_mobile-\"><h1 class=\"ekit-heading--title elementskit-section-title \">Gel\u00e9es et G\u00e9latines<\/h1><\/div><\/div>\t\t\t\t<\/div>\n\t\t\t\t\t<\/div>\n\t\t\t\t<\/div>\n\t\t<div class=\"elementor-element elementor-element-e2f0fd5 e-flex e-con-boxed e-con e-parent\" data-id=\"e2f0fd5\" data-element_type=\"container\" data-settings=\"{&quot;background_background&quot;:&quot;classic&quot;,&quot;shape_divider_top&quot;:&quot;wave-brush&quot;,&quot;ekit_has_onepagescroll_dot&quot;:&quot;yes&quot;}\">\n\t\t\t\t\t<div class=\"e-con-inner\">\n\t\t\t\t<div class=\"elementor-shape elementor-shape-top\" aria-hidden=\"true\" data-negative=\"false\">\n\t\t\t<svg xmlns=\"http:\/\/www.w3.org\/2000\/svg\" viewBox=\"0 0 283.5 27.8\" preserveAspectRatio=\"none\">\n\t<path class=\"elementor-shape-fill\" d=\"M283.5,9.7c0,0-7.3,4.3-14,4.6c-6.8,0.3-12.6,0-20.9-1.5c-11.3-2-33.1-10.1-44.7-5.7\ts-12.1,4.6-18,7.4c-6.6,3.2-20,9.6-36.6,9.3C131.6,23.5,99.5,7.2,86.3,8c-1.4,0.1-6.6,0.8-10.5,2c-3.8,1.2-9.4,3.8-17,4.7\tc-3.2,0.4-8.3,1.1-14.2,0.9c-1.5-0.1-6.3-0.4-12-1.6c-5.7-1.2-11-3.1-15.8-3.7C6.5,9.2,0,10.8,0,10.8V0h283.5V9.7z M260.8,11.3\tc-0.7-1-2-0.4-4.3-0.4c-2.3,0-6.1-1.2-5.8-1.1c0.3,0.1,3.1,1.5,6,1.9C259.7,12.2,261.4,12.3,260.8,11.3z M242.4,8.6\tc0,0-2.4-0.2-5.6-0.9c-3.2-0.8-10.3-2.8-15.1-3.5c-8.2-1.1-15.8,0-15.1,0.1c0.8,0.1,9.6-0.6,17.6,1.1c3.3,0.7,9.3,2.2,12.4,2.7\tC239.9,8.7,242.4,8.6,242.4,8.6z M185.2,8.5c1.7-0.7-13.3,4.7-18.5,6.1c-2.1,0.6-6.2,1.6-10,2c-3.9,0.4-8.9,0.4-8.8,0.5\tc0,0.2,5.8,0.8,11.2,0c5.4-0.8,5.2-1.1,7.6-1.6C170.5,14.7,183.5,9.2,185.2,8.5z M199.1,6.9c0.2,0-0.8-0.4-4.8,1.1\tc-4,1.5-6.7,3.5-6.9,3.7c-0.2,0.1,3.5-1.8,6.6-3C197,7.5,199,6.9,199.1,6.9z M283,6c-0.1,0.1-1.9,1.1-4.8,2.5s-6.9,2.8-6.7,2.7\tc0.2,0,3.5-0.6,7.4-2.5C282.8,6.8,283.1,5.9,283,6z M31.3,11.6c0.1-0.2-1.9-0.2-4.5-1.2s-5.4-1.6-7.8-2C15,7.6,7.3,8.5,7.7,8.6\tC8,8.7,15.9,8.3,20.2,9.3c2.2,0.5,2.4,0.5,5.7,1.6S31.2,11.9,31.3,11.6z M73,9.2c0.4-0.1,3.5-1.6,8.4-2.6c4.9-1.1,8.9-0.5,8.9-0.8\tc0-0.3-1-0.9-6.2-0.3S72.6,9.3,73,9.2z M71.6,6.7C71.8,6.8,75,5.4,77.3,5c2.3-0.3,1.9-0.5,1.9-0.6c0-0.1-1.1-0.2-2.7,0.2\tC74.8,5.1,71.4,6.6,71.6,6.7z M93.6,4.4c0.1,0.2,3.5,0.8,5.6,1.8c2.1,1,1.8,0.6,1.9,0.5c0.1-0.1-0.8-0.8-2.4-1.3\tC97.1,4.8,93.5,4.2,93.6,4.4z M65.4,11.1c-0.1,0.3,0.3,0.5,1.9-0.2s2.6-1.3,2.2-1.2s-0.9,0.4-2.5,0.8C65.3,10.9,65.5,10.8,65.4,11.1\tz M34.5,12.4c-0.2,0,2.1,0.8,3.3,0.9c1.2,0.1,2,0.1,2-0.2c0-0.3-0.1-0.5-1.6-0.4C36.6,12.8,34.7,12.4,34.5,12.4z M152.2,21.1\tc-0.1,0.1-2.4-0.3-7.5-0.3c-5,0-13.6-2.4-17.2-3.5c-3.6-1.1,10,3.9,16.5,4.1C150.5,21.6,152.3,21,152.2,21.1z\"\/>\n\t<path class=\"elementor-shape-fill\" d=\"M269.6,18c-0.1-0.1-4.6,0.3-7.2,0c-7.3-0.7-17-3.2-16.6-2.9c0.4,0.3,13.7,3.1,17,3.3\tC267.7,18.8,269.7,18,269.6,18z\"\/>\n\t<path class=\"elementor-shape-fill\" d=\"M227.4,9.8c-0.2-0.1-4.5-1-9.5-1.2c-5-0.2-12.7,0.6-12.3,0.5c0.3-0.1,5.9-1.8,13.3-1.2\tS227.6,9.9,227.4,9.8z\"\/>\n\t<path class=\"elementor-shape-fill\" d=\"M204.5,13.4c-0.1-0.1,2-1,3.2-1.1c1.2-0.1,2,0,2,0.3c0,0.3-0.1,0.5-1.6,0.4\tC206.4,12.9,204.6,13.5,204.5,13.4z\"\/>\n\t<path class=\"elementor-shape-fill\" d=\"M201,10.6c0-0.1-4.4,1.2-6.3,2.2c-1.9,0.9-6.2,3.1-6.1,3.1c0.1,0.1,4.2-1.6,6.3-2.6\tS201,10.7,201,10.6z\"\/>\n\t<path class=\"elementor-shape-fill\" d=\"M154.5,26.7c-0.1-0.1-4.6,0.3-7.2,0c-7.3-0.7-17-3.2-16.6-2.9c0.4,0.3,13.7,3.1,17,3.3\tC152.6,27.5,154.6,26.8,154.5,26.7z\"\/>\n\t<path class=\"elementor-shape-fill\" d=\"M41.9,19.3c0,0,1.2-0.3,2.9-0.1c1.7,0.2,5.8,0.9,8.2,0.7c4.2-0.4,7.4-2.7,7-2.6\tc-0.4,0-4.3,2.2-8.6,1.9c-1.8-0.1-5.1-0.5-6.7-0.4S41.9,19.3,41.9,19.3z\"\/>\n\t<path class=\"elementor-shape-fill\" d=\"M75.5,12.6c0.2,0.1,2-0.8,4.3-1.1c2.3-0.2,2.1-0.3,2.1-0.5c0-0.1-1.8-0.4-3.4,0\tC76.9,11.5,75.3,12.5,75.5,12.6z\"\/>\n\t<path class=\"elementor-shape-fill\" d=\"M15.6,13.2c0-0.1,4.3,0,6.7,0.5c2.4,0.5,5,1.9,5,2c0,0.1-2.7-0.8-5.1-1.4\tC19.9,13.7,15.7,13.3,15.6,13.2z\"\/>\n<\/svg>\t\t<\/div>\n\t\t<div class=\"elementor-element elementor-element-e6e3e57 e-con-full e-flex e-con e-child\" data-id=\"e6e3e57\" data-element_type=\"container\" data-settings=\"{&quot;background_background&quot;:&quot;classic&quot;,&quot;ekit_has_onepagescroll_dot&quot;:&quot;yes&quot;}\">\n\t\t\t\t<div class=\"elementor-element elementor-element-50f8d0a elementor-widget elementor-widget-image\" data-id=\"50f8d0a\" data-element_type=\"widget\" data-settings=\"{&quot;ekit_we_effect_on&quot;:&quot;none&quot;}\" data-widget_type=\"image.default\">\n\t\t\t\t\t\t\t\t\t\t\t\t\t\t\t<img fetchpriority=\"high\" decoding=\"async\" width=\"1024\" height=\"613\" src=\"https:\/\/vaylan.dz\/fr\/wp-content\/uploads\/2025\/10\/gelees-gelatine-vaylan-algerie-illustration-1024x613.jpg\" class=\"attachment-large size-large wp-image-564\" alt=\"\" srcset=\"https:\/\/vaylan.dz\/fr\/wp-content\/uploads\/2025\/10\/gelees-gelatine-vaylan-algerie-illustration-1024x613.jpg 1024w, https:\/\/vaylan.dz\/fr\/wp-content\/uploads\/2025\/10\/gelees-gelatine-vaylan-algerie-illustration-300x180.jpg 300w, https:\/\/vaylan.dz\/fr\/wp-content\/uploads\/2025\/10\/gelees-gelatine-vaylan-algerie-illustration-768x460.jpg 768w, https:\/\/vaylan.dz\/fr\/wp-content\/uploads\/2025\/10\/gelees-gelatine-vaylan-algerie-illustration-1536x920.jpg 1536w, https:\/\/vaylan.dz\/fr\/wp-content\/uploads\/2025\/10\/gelees-gelatine-vaylan-algerie-illustration.jpg 1638w\" sizes=\"(max-width: 1024px) 100vw, 1024px\" \/>\t\t\t\t\t\t\t\t\t\t\t\t\t\t\t<\/div>\n\t\t\t\t<div class=\"elementor-element elementor-element-cc8ac8f elementor-widget elementor-widget-image-carousel\" data-id=\"cc8ac8f\" data-element_type=\"widget\" data-settings=\"{&quot;slides_to_show&quot;:&quot;3&quot;,&quot;slides_to_scroll&quot;:&quot;2&quot;,&quot;navigation&quot;:&quot;none&quot;,&quot;autoplay&quot;:&quot;yes&quot;,&quot;pause_on_hover&quot;:&quot;yes&quot;,&quot;pause_on_interaction&quot;:&quot;yes&quot;,&quot;autoplay_speed&quot;:5000,&quot;infinite&quot;:&quot;yes&quot;,&quot;speed&quot;:500,&quot;ekit_we_effect_on&quot;:&quot;none&quot;}\" data-widget_type=\"image-carousel.default\">\n\t\t\t\t\t\t\t<div class=\"elementor-image-carousel-wrapper swiper\" role=\"region\" aria-roledescription=\"carousel\" aria-label=\"Carrousel d\u2019images\" dir=\"ltr\">\n\t\t\t<div class=\"elementor-image-carousel swiper-wrapper\" aria-live=\"off\">\n\t\t\t\t\t\t\t\t<div class=\"swiper-slide\" role=\"group\" aria-roledescription=\"slide\" aria-label=\"1 sur 4\"><figure class=\"swiper-slide-inner\"><img decoding=\"async\" class=\"swiper-slide-image\" src=\"https:\/\/vaylan.dz\/fr\/wp-content\/uploads\/2025\/10\/gelees-gelatine-vaylan-algerie-04-225x300.jpg\" alt=\"gel\u00e9es-g\u00e9latine-vaylan-algerie-04\" \/><\/figure><\/div><div class=\"swiper-slide\" role=\"group\" aria-roledescription=\"slide\" aria-label=\"2 sur 4\"><figure class=\"swiper-slide-inner\"><img decoding=\"async\" class=\"swiper-slide-image\" src=\"https:\/\/vaylan.dz\/fr\/wp-content\/uploads\/2025\/10\/gelees-gelatine-vaylan-algerie-01-225x300.jpg\" alt=\"gel\u00e9es-g\u00e9latine-vaylan-algerie-01\" \/><\/figure><\/div><div class=\"swiper-slide\" role=\"group\" aria-roledescription=\"slide\" aria-label=\"3 sur 4\"><figure class=\"swiper-slide-inner\"><img decoding=\"async\" class=\"swiper-slide-image\" src=\"https:\/\/vaylan.dz\/fr\/wp-content\/uploads\/2025\/10\/gelees-gelatine-vaylan-algerie-02-225x300.jpg\" alt=\"gel\u00e9es-g\u00e9latine-vaylan-algerie-02\" \/><\/figure><\/div><div class=\"swiper-slide\" role=\"group\" aria-roledescription=\"slide\" aria-label=\"4 sur 4\"><figure class=\"swiper-slide-inner\"><img decoding=\"async\" class=\"swiper-slide-image\" src=\"https:\/\/vaylan.dz\/fr\/wp-content\/uploads\/2025\/10\/gelees-gelatine-vaylan-algerie-03-225x300.jpg\" alt=\"gel\u00e9es-g\u00e9latine-vaylan-algerie-03\" \/><\/figure><\/div>\t\t\t<\/div>\n\t\t\t\t\t\t\t\n\t\t\t\t\t\t\t\t\t<\/div>\n\t\t\t\t\t\t<\/div>\n\t\t\t\t<\/div>\n\t\t<div class=\"elementor-element elementor-element-a7f7f67 e-con-full e-flex e-con e-child\" data-id=\"a7f7f67\" data-element_type=\"container\" data-settings=\"{&quot;background_background&quot;:&quot;classic&quot;,&quot;ekit_has_onepagescroll_dot&quot;:&quot;yes&quot;}\">\n\t\t\t\t<div class=\"elementor-element elementor-element-2182769 elementor-widget elementor-widget-elementskit-heading\" data-id=\"2182769\" data-element_type=\"widget\" data-settings=\"{&quot;ekit_we_effect_on&quot;:&quot;none&quot;}\" data-widget_type=\"elementskit-heading.default\">\n\t\t\t\t\t<div class=\"ekit-wid-con\" ><div class=\"ekit-heading elementskit-section-title-wraper text_left   ekit_heading_tablet-   ekit_heading_mobile-\"><h2 class=\"ekit-heading--title elementskit-section-title \">Nos <span><span>Gel\u00e9es &amp; G\u00e9latines<\/span><\/span><\/h2><div class=\"ekit_heading_separetor_wraper ekit_heading_elementskit-border-divider ekit-dotted\"><div class=\"elementskit-border-divider ekit-dotted\"><\/div><\/div>\t\t\t\t<div class='ekit-heading__description'>\n\t\t\t\t\t<p><strong>Gel\u00e9es :<\/strong> La gel\u00e9e blanche est un d\u00e9potde glace qui provient de la vapeur d\u2019eau contenue dans l\u2019aire par passage direct de la phase gazeuse \u00e0 la phase solide le plus souvent par rayonnement nocturne, au point de givrage.<br \/><strong>G\u00e9latine :<\/strong> incorpor\u00e9e dans les aliments acili de leur donner une meilleure tenue et d\u2019immobiliser des \u00e9l\u00e9ments dans l\u2019aliment, par exemple dans les cr\u00e8mes desserts.<\/p>\n\t\t\t\t<\/div>\n\t\t\t<\/div><\/div>\t\t\t\t<\/div>\n\t\t\t\t<div class=\"elementor-element elementor-element-d925e4b elementor-widget elementor-widget-image\" data-id=\"d925e4b\" data-element_type=\"widget\" data-settings=\"{&quot;ekit_we_effect_on&quot;:&quot;none&quot;}\" data-widget_type=\"image.default\">\n\t\t\t\t\t\t\t\t\t\t\t\t\t\t\t<img decoding=\"async\" width=\"888\" height=\"321\" src=\"https:\/\/vaylan.dz\/fr\/wp-content\/uploads\/2025\/10\/gelees-gelatine-vaylan-algerie-tableau.jpg\" class=\"attachment-large size-large wp-image-565\" alt=\"\" srcset=\"https:\/\/vaylan.dz\/fr\/wp-content\/uploads\/2025\/10\/gelees-gelatine-vaylan-algerie-tableau.jpg 888w, https:\/\/vaylan.dz\/fr\/wp-content\/uploads\/2025\/10\/gelees-gelatine-vaylan-algerie-tableau-300x108.jpg 300w, https:\/\/vaylan.dz\/fr\/wp-content\/uploads\/2025\/10\/gelees-gelatine-vaylan-algerie-tableau-768x278.jpg 768w\" sizes=\"(max-width: 888px) 100vw, 888px\" \/>\t\t\t\t\t\t\t\t\t\t\t\t\t\t\t<\/div>\n\t\t\t\t<\/div>\n\t\t\t\t\t<\/div>\n\t\t\t\t<\/div>\n\t\t\t\t<\/div>\n\t\t\n    <div class=\"xs_social_share_widget xs_share_url after_content \t\tmain_content  wslu-style-1 wslu-share-box-shaped wslu-fill-colored wslu-none wslu-share-horizontal wslu-theme-font-no wslu-main_content\">\n\n\t\t\n        <ul>\n\t\t\t        <\/ul>\n    <\/div> \n","protected":false},"excerpt":{"rendered":"<p>Gel\u00e9es et G\u00e9latines Nos Gel\u00e9es &amp; G\u00e9latines Gel\u00e9es : La gel\u00e9e blanche est un d\u00e9potde glace qui provient de la vapeur d\u2019eau contenue dans l\u2019aire par passage direct de la phase gazeuse \u00e0 la phase solide le plus souvent par rayonnement nocturne, au point de givrage.G\u00e9latine : incorpor\u00e9e dans les aliments acili de leur donner&#8230;<\/p>\n","protected":false},"author":1,"featured_media":0,"parent":0,"menu_order":0,"comment_status":"closed","ping_status":"closed","template":"elementor_header_footer","meta":{"postBodyCss":"","postBodyMargin":[],"postBodyPadding":[],"postBodyBackground":{"backgroundType":"classic","gradient":""},"_kad_post_transparent":"","_kad_post_title":"","_kad_post_layout":"","_kad_post_sidebar_id":"","_kad_post_content_style":"","_kad_post_vertical_padding":"","_kad_post_feature":"","_kad_post_feature_position":"","_kad_post_header":false,"_kad_post_footer":false,"footnotes":""},"class_list":["post-560","page","type-page","status-publish","hentry"],"yoast_head":"<!-- This site is optimized with the Yoast SEO plugin v26.6 - https:\/\/yoast.com\/wordpress\/plugins\/seo\/ -->\n<title>Nos Gel\u00e9es &amp; G\u00e9latines - ETS BOUHAZEM<\/title>\n<meta name=\"robots\" content=\"index, follow, max-snippet:-1, max-image-preview:large, max-video-preview:-1\" \/>\n<link rel=\"canonical\" href=\"https:\/\/vaylan.dz\/fr\/nos-gelees-gelatines\/\" \/>\n<meta property=\"og:locale\" content=\"fr_FR\" \/>\n<meta property=\"og:type\" content=\"article\" \/>\n<meta property=\"og:title\" content=\"Nos Gel\u00e9es &amp; G\u00e9latines - ETS BOUHAZEM\" \/>\n<meta property=\"og:description\" content=\"Gel\u00e9es et G\u00e9latines Nos Gel\u00e9es &amp; G\u00e9latines Gel\u00e9es : La gel\u00e9e blanche est un d\u00e9potde glace qui provient de la vapeur d\u2019eau contenue dans l\u2019aire par passage direct de la phase gazeuse \u00e0 la phase solide le plus souvent par rayonnement nocturne, au point de givrage.G\u00e9latine : incorpor\u00e9e dans les aliments acili de leur donner...\" \/>\n<meta property=\"og:url\" content=\"https:\/\/vaylan.dz\/fr\/nos-gelees-gelatines\/\" \/>\n<meta property=\"og:site_name\" content=\"ETS BOUHAZEM\" \/>\n<meta property=\"article:modified_time\" content=\"2025-10-12T13:31:49+00:00\" \/>\n<meta property=\"og:image\" content=\"https:\/\/vaylan.dz\/fr\/wp-content\/uploads\/2025\/10\/gelees-gelatine-vaylan-algerie-illustration.jpg\" \/>\n\t<meta property=\"og:image:width\" content=\"1638\" \/>\n\t<meta property=\"og:image:height\" content=\"981\" \/>\n\t<meta property=\"og:image:type\" content=\"image\/jpeg\" \/>\n<meta name=\"twitter:card\" content=\"summary_large_image\" \/>\n<meta name=\"twitter:label1\" content=\"Dur\u00e9e de lecture estim\u00e9e\" \/>\n\t<meta name=\"twitter:data1\" content=\"3 minutes\" \/>\n<script type=\"application\/ld+json\" class=\"yoast-schema-graph\">{\"@context\":\"https:\/\/schema.org\",\"@graph\":[{\"@type\":\"WebPage\",\"@id\":\"https:\/\/vaylan.dz\/fr\/nos-gelees-gelatines\/\",\"url\":\"https:\/\/vaylan.dz\/fr\/nos-gelees-gelatines\/\",\"name\":\"Nos Gel\u00e9es &amp; G\u00e9latines - ETS BOUHAZEM\",\"isPartOf\":{\"@id\":\"https:\/\/vaylan.dz\/fr\/#website\"},\"primaryImageOfPage\":{\"@id\":\"https:\/\/vaylan.dz\/fr\/nos-gelees-gelatines\/#primaryimage\"},\"image\":{\"@id\":\"https:\/\/vaylan.dz\/fr\/nos-gelees-gelatines\/#primaryimage\"},\"thumbnailUrl\":\"https:\/\/vaylan.dz\/fr\/wp-content\/uploads\/2025\/10\/gelees-gelatine-vaylan-algerie-illustration-1024x613.jpg\",\"datePublished\":\"2025-10-09T14:00:30+00:00\",\"dateModified\":\"2025-10-12T13:31:49+00:00\",\"breadcrumb\":{\"@id\":\"https:\/\/vaylan.dz\/fr\/nos-gelees-gelatines\/#breadcrumb\"},\"inLanguage\":\"fr-FR\",\"potentialAction\":[{\"@type\":\"ReadAction\",\"target\":[\"https:\/\/vaylan.dz\/fr\/nos-gelees-gelatines\/\"]}]},{\"@type\":\"ImageObject\",\"inLanguage\":\"fr-FR\",\"@id\":\"https:\/\/vaylan.dz\/fr\/nos-gelees-gelatines\/#primaryimage\",\"url\":\"https:\/\/vaylan.dz\/fr\/wp-content\/uploads\/2025\/10\/gelees-gelatine-vaylan-algerie-illustration.jpg\",\"contentUrl\":\"https:\/\/vaylan.dz\/fr\/wp-content\/uploads\/2025\/10\/gelees-gelatine-vaylan-algerie-illustration.jpg\",\"width\":1638,\"height\":981},{\"@type\":\"BreadcrumbList\",\"@id\":\"https:\/\/vaylan.dz\/fr\/nos-gelees-gelatines\/#breadcrumb\",\"itemListElement\":[{\"@type\":\"ListItem\",\"position\":1,\"name\":\"Accueil\",\"item\":\"https:\/\/vaylan.dz\/fr\/\"},{\"@type\":\"ListItem\",\"position\":2,\"name\":\"Nos Gel\u00e9es &amp; G\u00e9latines\"}]},{\"@type\":\"WebSite\",\"@id\":\"https:\/\/vaylan.dz\/fr\/#website\",\"url\":\"https:\/\/vaylan.dz\/fr\/\",\"name\":\"ETS BOUHAZEM\",\"description\":\"\",\"publisher\":{\"@id\":\"https:\/\/vaylan.dz\/fr\/#organization\"},\"potentialAction\":[{\"@type\":\"SearchAction\",\"target\":{\"@type\":\"EntryPoint\",\"urlTemplate\":\"https:\/\/vaylan.dz\/fr\/?s={search_term_string}\"},\"query-input\":{\"@type\":\"PropertyValueSpecification\",\"valueRequired\":true,\"valueName\":\"search_term_string\"}}],\"inLanguage\":\"fr-FR\"},{\"@type\":\"Organization\",\"@id\":\"https:\/\/vaylan.dz\/fr\/#organization\",\"name\":\"ETS BOUHAZEM\",\"url\":\"https:\/\/vaylan.dz\/fr\/\",\"logo\":{\"@type\":\"ImageObject\",\"inLanguage\":\"fr-FR\",\"@id\":\"https:\/\/vaylan.dz\/fr\/#\/schema\/logo\/image\/\",\"url\":\"https:\/\/vaylan.dz\/fr\/wp-content\/uploads\/2025\/10\/Logo.png\",\"contentUrl\":\"https:\/\/vaylan.dz\/fr\/wp-content\/uploads\/2025\/10\/Logo.png\",\"width\":200,\"height\":122,\"caption\":\"ETS BOUHAZEM\"},\"image\":{\"@id\":\"https:\/\/vaylan.dz\/fr\/#\/schema\/logo\/image\/\"}}]}<\/script>\n<!-- \/ Yoast SEO plugin. -->","yoast_head_json":{"title":"Nos Gel\u00e9es &amp; G\u00e9latines - ETS BOUHAZEM","robots":{"index":"index","follow":"follow","max-snippet":"max-snippet:-1","max-image-preview":"max-image-preview:large","max-video-preview":"max-video-preview:-1"},"canonical":"https:\/\/vaylan.dz\/fr\/nos-gelees-gelatines\/","og_locale":"fr_FR","og_type":"article","og_title":"Nos Gel\u00e9es &amp; G\u00e9latines - ETS BOUHAZEM","og_description":"Gel\u00e9es et G\u00e9latines Nos Gel\u00e9es &amp; G\u00e9latines Gel\u00e9es : La gel\u00e9e blanche est un d\u00e9potde glace qui provient de la vapeur d\u2019eau contenue dans l\u2019aire par passage direct de la phase gazeuse \u00e0 la phase solide le plus souvent par rayonnement nocturne, au point de givrage.G\u00e9latine : incorpor\u00e9e dans les aliments acili de leur donner...","og_url":"https:\/\/vaylan.dz\/fr\/nos-gelees-gelatines\/","og_site_name":"ETS BOUHAZEM","article_modified_time":"2025-10-12T13:31:49+00:00","og_image":[{"width":1638,"height":981,"url":"https:\/\/vaylan.dz\/fr\/wp-content\/uploads\/2025\/10\/gelees-gelatine-vaylan-algerie-illustration.jpg","type":"image\/jpeg"}],"twitter_card":"summary_large_image","twitter_misc":{"Dur\u00e9e de lecture estim\u00e9e":"3 minutes"},"schema":{"@context":"https:\/\/schema.org","@graph":[{"@type":"WebPage","@id":"https:\/\/vaylan.dz\/fr\/nos-gelees-gelatines\/","url":"https:\/\/vaylan.dz\/fr\/nos-gelees-gelatines\/","name":"Nos Gel\u00e9es &amp; G\u00e9latines - ETS BOUHAZEM","isPartOf":{"@id":"https:\/\/vaylan.dz\/fr\/#website"},"primaryImageOfPage":{"@id":"https:\/\/vaylan.dz\/fr\/nos-gelees-gelatines\/#primaryimage"},"image":{"@id":"https:\/\/vaylan.dz\/fr\/nos-gelees-gelatines\/#primaryimage"},"thumbnailUrl":"https:\/\/vaylan.dz\/fr\/wp-content\/uploads\/2025\/10\/gelees-gelatine-vaylan-algerie-illustration-1024x613.jpg","datePublished":"2025-10-09T14:00:30+00:00","dateModified":"2025-10-12T13:31:49+00:00","breadcrumb":{"@id":"https:\/\/vaylan.dz\/fr\/nos-gelees-gelatines\/#breadcrumb"},"inLanguage":"fr-FR","potentialAction":[{"@type":"ReadAction","target":["https:\/\/vaylan.dz\/fr\/nos-gelees-gelatines\/"]}]},{"@type":"ImageObject","inLanguage":"fr-FR","@id":"https:\/\/vaylan.dz\/fr\/nos-gelees-gelatines\/#primaryimage","url":"https:\/\/vaylan.dz\/fr\/wp-content\/uploads\/2025\/10\/gelees-gelatine-vaylan-algerie-illustration.jpg","contentUrl":"https:\/\/vaylan.dz\/fr\/wp-content\/uploads\/2025\/10\/gelees-gelatine-vaylan-algerie-illustration.jpg","width":1638,"height":981},{"@type":"BreadcrumbList","@id":"https:\/\/vaylan.dz\/fr\/nos-gelees-gelatines\/#breadcrumb","itemListElement":[{"@type":"ListItem","position":1,"name":"Accueil","item":"https:\/\/vaylan.dz\/fr\/"},{"@type":"ListItem","position":2,"name":"Nos Gel\u00e9es &amp; G\u00e9latines"}]},{"@type":"WebSite","@id":"https:\/\/vaylan.dz\/fr\/#website","url":"https:\/\/vaylan.dz\/fr\/","name":"ETS BOUHAZEM","description":"","publisher":{"@id":"https:\/\/vaylan.dz\/fr\/#organization"},"potentialAction":[{"@type":"SearchAction","target":{"@type":"EntryPoint","urlTemplate":"https:\/\/vaylan.dz\/fr\/?s={search_term_string}"},"query-input":{"@type":"PropertyValueSpecification","valueRequired":true,"valueName":"search_term_string"}}],"inLanguage":"fr-FR"},{"@type":"Organization","@id":"https:\/\/vaylan.dz\/fr\/#organization","name":"ETS BOUHAZEM","url":"https:\/\/vaylan.dz\/fr\/","logo":{"@type":"ImageObject","inLanguage":"fr-FR","@id":"https:\/\/vaylan.dz\/fr\/#\/schema\/logo\/image\/","url":"https:\/\/vaylan.dz\/fr\/wp-content\/uploads\/2025\/10\/Logo.png","contentUrl":"https:\/\/vaylan.dz\/fr\/wp-content\/uploads\/2025\/10\/Logo.png","width":200,"height":122,"caption":"ETS BOUHAZEM"},"image":{"@id":"https:\/\/vaylan.dz\/fr\/#\/schema\/logo\/image\/"}}]}},"_links":{"self":[{"href":"https:\/\/vaylan.dz\/fr\/wp-json\/wp\/v2\/pages\/560","targetHints":{"allow":["GET"]}}],"collection":[{"href":"https:\/\/vaylan.dz\/fr\/wp-json\/wp\/v2\/pages"}],"about":[{"href":"https:\/\/vaylan.dz\/fr\/wp-json\/wp\/v2\/types\/page"}],"author":[{"embeddable":true,"href":"https:\/\/vaylan.dz\/fr\/wp-json\/wp\/v2\/users\/1"}],"replies":[{"embeddable":true,"href":"https:\/\/vaylan.dz\/fr\/wp-json\/wp\/v2\/comments?post=560"}],"version-history":[{"count":10,"href":"https:\/\/vaylan.dz\/fr\/wp-json\/wp\/v2\/pages\/560\/revisions"}],"predecessor-version":[{"id":1110,"href":"https:\/\/vaylan.dz\/fr\/wp-json\/wp\/v2\/pages\/560\/revisions\/1110"}],"wp:attachment":[{"href":"https:\/\/vaylan.dz\/fr\/wp-json\/wp\/v2\/media?parent=560"}],"curies":[{"name":"wp","href":"https:\/\/api.w.org\/{rel}","templated":true}]}}